{"id":850,"date":"2025-11-05T14:39:58","date_gmt":"2025-11-05T14:39:58","guid":{"rendered":"http:\/\/collectchem.sc4rual8234.universe.wf\/?page_id=850"},"modified":"2025-11-05T14:41:37","modified_gmt":"2025-11-05T14:41:37","slug":"legal-notice","status":"publish","type":"page","link":"https:\/\/collectchem.com\/en\/mentions-legales\/","title":{"rendered":"Terms of use"},"content":{"rendered":"<div data-elementor-type=\"wp-page\" data-elementor-id=\"850\" class=\"elementor elementor-850\" data-elementor-settings=\"{&quot;ha_cmc_init_switcher&quot;:&quot;no&quot;}\" data-elementor-post-type=\"page\">\n\t\t\t\t<div class=\"elementor-element elementor-element-86f0d76 e-flex e-con-boxed e-con e-parent\" data-id=\"86f0d76\" data-element_type=\"container\" data-e-type=\"container\" data-settings=\"{&quot;_ha_eqh_enable&quot;:false}\">\n\t\t\t\t\t<div class=\"e-con-inner\">\n\t\t\t\t<div class=\"elementor-element elementor-element-ea24c3c elementor-widget elementor-widget-heading\" data-id=\"ea24c3c\" data-element_type=\"widget\" data-e-type=\"widget\" data-widget_type=\"heading.default\">\n\t\t\t\t\t<h2 class=\"elementor-heading-title elementor-size-default\">Terms of use<\/h2>\t\t\t\t<\/div>\n\t\t\t\t<div class=\"elementor-element elementor-element-1682164 elementor-widget elementor-widget-text-editor\" data-id=\"1682164\" data-element_type=\"widget\" data-e-type=\"widget\" data-widget_type=\"text-editor.default\">\n\t\t\t\t\t\t\t\t\t<p><b><i>Effective June 12, 2023<\/i><\/b><\/p><p>In accordance with the provisions of Articles 6-III and 19 of Law no. 2004-575 of June 21, 2004 for Confidence in the Digital Economy, known as L.C.E.N., users and visitors, hereinafter referred to as the \u00bbUser\u00ab, to the site https:\/\/collectchem.com\/, hereinafter referred to as the \u00bbSite\", are hereby informed of the present legal notice.<\/p><p>Connection to and browsing of the Site by the User implies full and unreserved acceptance of the present legal notice.<\/p><p>These are available on the Site under the heading \u00abLegal information\u00bb.<\/p><p><b>ARTICLE 1 - THE PUBLISHER<\/b><\/p><p>The Site is edited and published by CollectChem.<\/p><p><b>ARTICLE 2 - THE HOST<\/b><\/p><p>The Site is hosted by OVH, whose head office is located at 2 rue Kellermann - 59100 Roubaix - France.<\/p><p><b>ARTICLE 3 - ACCESS TO THE SITE<\/b><\/p><p>The Site is accessible at all times, 7 days a week, 24 hours a day, except in the event of force majeure, scheduled or unscheduled interruption, or where maintenance is required.<\/p><p>In the event of modification, interruption or suspension of the Site, the Editor cannot be held responsible.<\/p><p><b>ARTICLE 4 - DATA COLLECTION<\/b><\/p><p>The Site ensures that the User's personal information is collected and processed in compliance with the French Data Protection Act no. 78-17 of January 6, 1978.<\/p><p>In accordance with the French Data Protection Act of January 6, 1978, Users have the right to access, rectify, delete and oppose their personal data. The User may exercise this right:<\/p><p>- via a contact form ;<\/p><p>- by subscribing to our newsletter\u00a0<\/p><p>\u00a0<\/p><p>Any use, reproduction, distribution, marketing or modification of all or part of the Site without the Publisher's authorization is prohibited and may result in legal action and prosecution as provided for in the French Intellectual Property Code and the French Civil Code.\u00a0<\/p>\t\t\t\t\t\t\t\t<\/div>\n\t\t\t\t\t<\/div>\n\t\t\t\t<\/div>\n\t\t\t\t<\/div>","protected":false},"excerpt":{"rendered":"<p>Mentions l\u00e9gales En vigueur au 12\/06\/2023 Conform\u00e9ment aux dispositions des Articles 6-III et 19 de la Loi n\u00b02004-575 du 21 juin 2004 pour la Confiance dans l\u2019\u00e9conomie num\u00e9rique, dite L.C.E.N., il est port\u00e9 \u00e0 la connaissance des utilisateurs et visiteurs, ci-apr\u00e8s l\u2019Utilisateur\u00a0\u00bb, du site https:\/\/collectchem.com\/ , ci-apr\u00e8s le \u00ab\u00a0Site\u00a0\u00bb, les pr\u00e9sentes mentions l\u00e9gales. La connexion [&hellip;]<\/p>\n","protected":false},"author":1,"featured_media":0,"parent":0,"menu_order":0,"comment_status":"closed","ping_status":"closed","template":"","meta":{"_acf_changed":false,"footnotes":""},"class_list":["post-850","page","type-page","status-publish","hentry"],"acf":[],"_links":{"self":[{"href":"https:\/\/collectchem.com\/en\/wp-json\/wp\/v2\/pages\/850","targetHints":{"allow":["GET"]}}],"collection":[{"href":"https:\/\/collectchem.com\/en\/wp-json\/wp\/v2\/pages"}],"about":[{"href":"https:\/\/collectchem.com\/en\/wp-json\/wp\/v2\/types\/page"}],"author":[{"embeddable":true,"href":"https:\/\/collectchem.com\/en\/wp-json\/wp\/v2\/users\/1"}],"replies":[{"embeddable":true,"href":"https:\/\/collectchem.com\/en\/wp-json\/wp\/v2\/comments?post=850"}],"version-history":[{"count":4,"href":"https:\/\/collectchem.com\/en\/wp-json\/wp\/v2\/pages\/850\/revisions"}],"predecessor-version":[{"id":854,"href":"https:\/\/collectchem.com\/en\/wp-json\/wp\/v2\/pages\/850\/revisions\/854"}],"wp:attachment":[{"href":"https:\/\/collectchem.com\/en\/wp-json\/wp\/v2\/media?parent=850"}],"curies":[{"name":"wp","href":"https:\/\/api.w.org\/{rel}","templated":true}]}}